{"id":520,"date":"2019-08-31T11:26:37","date_gmt":"2019-08-31T09:26:37","guid":{"rendered":"http:\/\/www.franck-reboul.com\/blog\/?page_id=520"},"modified":"2025-01-07T08:40:29","modified_gmt":"2025-01-07T07:40:29","slug":"bayliner-265-sb","status":"publish","type":"page","link":"https:\/\/www.franck-reboul.com\/blog\/bayliner-265-sb\/","title":{"rendered":"BAYLINER 285 SB"},"content":{"rendered":"\n<h2 class=\"wp-block-heading\"><\/h2>\n\n\n\n<h4 class=\"wp-block-heading\">Bayliner 8.73m x 2.59m<\/h4>\n\n\n\n<h4 class=\"wp-block-heading\"><strong>Description BAYLINER 285 SB <\/strong><\/h4>\n\n\n\n<h2 class=\"wp-block-heading\"><strong>+ POSSIBILITE DE PLACE AU PORT<\/strong><\/h2>\n\n\n\n<p>Cabin Cruiser (8.73m et 2.59m de large ) &nbsp;tout Equip\u00e9 pour navigation c\u00f4ti\u00e8re id\u00e9al pour les croisi\u00e8res c\u00f4ti\u00e8res et pour d\u00e9couvrir les c\u00f4tes m\u00e9diterran\u00e9ennes sous un autre angle.<br> 4 Couchages possible 1 cabines + mid cab 9 passagers, Salle d&rsquo;eau avec eau chaude et WC marin avec boite \u00e0 eaux noires rideau de douche, kitchenette \u00e9quip\u00e9 four micro-onde, frigo, plaque cuisson \u00e9vier nombreux rangements. Int\u00e9rieur clair, lumineux, offrant un r\u00e9el sentiment d&rsquo;espace.<\/p>\n\n\n\n<p><br> Tous les Hublots ouvrants<br> Eclairage 12v + 220v + Lampe \u00e0 poser<br> Coussins de cabine\u00a0<br> lave mains ext\u00e9rieur<br> doucette de pont avec eau chaude<br> Equipement complet s\u00e9curit\u00e9, Mercruiser 5.0 L MPI de 550 cv en embase avec 480h , double h\u00e9lice invers\u00e9e, GPS traceur , loch speedo, radio CD, 3 batteries, 220 v, capacit\u00e9 d\u2019eau 80 l et 380 l d\u2019essence, , \u00a0\u00e9chelle de bain, \u00a0option FUL TECK (sol compl\u00e8tement rev\u00eatu de teck),<br> guindeau \u00e9lectrique, antenne Tv,\u00a0<br> 2 pompes de cales<br> chauffe-eau\u00a0 \u00e9lectrique<br> <strong>Vedette entretenue par un professionnel<\/strong><br> <br> car\u00e9nage 2018<br> taud de soleil 2019 + descentes en plexiglass 2019<br> guindeau chang\u00e9 en 2017<br> rajout filtre \u00e0 essence 2018<br> Coudes collecteurs \u00e9chappement chang\u00e9s 2019<br> Batteries de 2017<br> Flap r\u00e9vis\u00e9s 2018<br> joint \u00e9tanch\u00e9it\u00e9 + roulement embase 2019<\/p>\n\n\n\n<p>Pompe\ndirection hydraulique chang\u00e9e 2019<br>\nr\u00e9servoir eau suppl\u00e9mentaire 100 l<br>\n2 mouillages dont un sur guindeau \u00e9lectrique 50 m de cha\u00eene<br>\nV de traction + magnum bridle pour bou\u00e9e ou ski nautique<br>\n<br>\n<\/p>\n\n\n\n<figure class=\"wp-block-table\"><table><tbody><tr><td>\n  COTE OFFICIELLE\n  <\/td><\/tr><\/tbody><\/table><\/figure>\n\n\n\n<figure class=\"wp-block-table\"><table><tbody><tr><td>   BAYLINER 285 SB<\/td><td>   <strong> : 27&nbsp;879 \u20ac<\/strong>   <\/td><\/tr><\/tbody><\/table><\/figure>\n\n\n\n<p><br><\/p>\n\n\n\n<p><a href=\"https:\/\/www.leboncoin.fr\/support\/form\/0?id=1&amp;subject=15&amp;ad=1651957925\"><\/a><\/p>\n\n\n\n<p><a href=\"https:\/\/www.leboncoin.fr\/support\/form\/0?id=1&amp;subject=15&amp;ad=1651957925\"><br>\n<br>\n<\/a><\/p>\n\n\n\n<figure class=\"wp-block-gallery has-nested-images columns-default is-cropped wp-block-gallery-1 is-layout-flex wp-block-gallery-is-layout-flex\">\n<figure class=\"wp-block-image\"><a href=\"https:\/\/www.franck-reboul.com\/blog\/wp-content\/uploads\/2019\/09\/1IMG_0177-1.jpg\"><img loading=\"lazy\" decoding=\"async\" width=\"1024\" height=\"768\" data-id=\"590\" src=\"https:\/\/www.franck-reboul.com\/blog\/wp-content\/uploads\/2019\/09\/1IMG_0177-1-1024x768.jpg\" alt=\"\" class=\"wp-image-590\" srcset=\"https:\/\/www.franck-reboul.com\/blog\/wp-content\/uploads\/2019\/09\/1IMG_0177-1-1024x768.jpg 1024w, https:\/\/www.franck-reboul.com\/blog\/wp-content\/uploads\/2019\/09\/1IMG_0177-1-500x375.jpg 500w, https:\/\/www.franck-reboul.com\/blog\/wp-content\/uploads\/2019\/09\/1IMG_0177-1-768x576.jpg 768w\" sizes=\"auto, (max-width: 1024px) 100vw, 1024px\" \/><\/a><\/figure>\n\n\n\n<figure class=\"wp-block-image\"><a href=\"https:\/\/www.franck-reboul.com\/blog\/wp-content\/uploads\/2019\/09\/1IMG_0114-1.jpg\"><img loading=\"lazy\" decoding=\"async\" width=\"1008\" height=\"1024\" data-id=\"589\" src=\"https:\/\/www.franck-reboul.com\/blog\/wp-content\/uploads\/2019\/09\/1IMG_0114-1-1008x1024.jpg\" alt=\"\" class=\"wp-image-589\" srcset=\"https:\/\/www.franck-reboul.com\/blog\/wp-content\/uploads\/2019\/09\/1IMG_0114-1-1008x1024.jpg 1008w, https:\/\/www.franck-reboul.com\/blog\/wp-content\/uploads\/2019\/09\/1IMG_0114-1-492x500.jpg 492w, https:\/\/www.franck-reboul.com\/blog\/wp-content\/uploads\/2019\/09\/1IMG_0114-1-768x780.jpg 768w\" sizes=\"auto, (max-width: 1008px) 100vw, 1008px\" \/><\/a><\/figure>\n\n\n\n<figure class=\"wp-block-image\"><a href=\"https:\/\/www.franck-reboul.com\/blog\/wp-content\/uploads\/2019\/09\/11-1.jpg\"><img loading=\"lazy\" decoding=\"async\" width=\"1024\" height=\"761\" data-id=\"591\" src=\"https:\/\/www.franck-reboul.com\/blog\/wp-content\/uploads\/2019\/09\/11-1-1024x761.jpg\" alt=\"\" class=\"wp-image-591\" srcset=\"https:\/\/www.franck-reboul.com\/blog\/wp-content\/uploads\/2019\/09\/11-1-1024x761.jpg 1024w, https:\/\/www.franck-reboul.com\/blog\/wp-content\/uploads\/2019\/09\/11-1-500x372.jpg 500w, https:\/\/www.franck-reboul.com\/blog\/wp-content\/uploads\/2019\/09\/11-1-768x571.jpg 768w, https:\/\/www.franck-reboul.com\/blog\/wp-content\/uploads\/2019\/09\/11-1.jpg 1179w\" sizes=\"auto, (max-width: 1024px) 100vw, 1024px\" \/><\/a><\/figure>\n\n\n\n<figure class=\"wp-block-image\"><a href=\"https:\/\/www.franck-reboul.com\/blog\/wp-content\/uploads\/2019\/09\/1GOPR0526_1482939459349_high-1.jpg\"><img loading=\"lazy\" decoding=\"async\" width=\"1024\" height=\"605\" data-id=\"588\" src=\"https:\/\/www.franck-reboul.com\/blog\/wp-content\/uploads\/2019\/09\/1GOPR0526_1482939459349_high-1-1024x605.jpg\" alt=\"\" class=\"wp-image-588\" srcset=\"https:\/\/www.franck-reboul.com\/blog\/wp-content\/uploads\/2019\/09\/1GOPR0526_1482939459349_high-1-1024x605.jpg 1024w, https:\/\/www.franck-reboul.com\/blog\/wp-content\/uploads\/2019\/09\/1GOPR0526_1482939459349_high-1-500x295.jpg 500w, https:\/\/www.franck-reboul.com\/blog\/wp-content\/uploads\/2019\/09\/1GOPR0526_1482939459349_high-1-768x454.jpg 768w\" sizes=\"auto, (max-width: 1024px) 100vw, 1024px\" \/><\/a><\/figure>\n\n\n\n<figure class=\"wp-block-image\"><a href=\"https:\/\/www.franck-reboul.com\/blog\/wp-content\/uploads\/2019\/09\/1IMG_2570-1.jpg\"><img loading=\"lazy\" decoding=\"async\" width=\"1024\" height=\"878\" data-id=\"593\" src=\"https:\/\/www.franck-reboul.com\/blog\/wp-content\/uploads\/2019\/09\/1IMG_2570-1-1024x878.jpg\" alt=\"\" class=\"wp-image-593\" srcset=\"https:\/\/www.franck-reboul.com\/blog\/wp-content\/uploads\/2019\/09\/1IMG_2570-1-1024x878.jpg 1024w, https:\/\/www.franck-reboul.com\/blog\/wp-content\/uploads\/2019\/09\/1IMG_2570-1-500x429.jpg 500w, https:\/\/www.franck-reboul.com\/blog\/wp-content\/uploads\/2019\/09\/1IMG_2570-1-768x659.jpg 768w\" sizes=\"auto, (max-width: 1024px) 100vw, 1024px\" \/><\/a><\/figure>\n\n\n\n<figure class=\"wp-block-image\"><a href=\"https:\/\/www.franck-reboul.com\/blog\/wp-content\/uploads\/2019\/09\/1IMG_2579-1.jpg\"><img loading=\"lazy\" decoding=\"async\" width=\"1024\" height=\"768\" data-id=\"601\" src=\"https:\/\/www.franck-reboul.com\/blog\/wp-content\/uploads\/2019\/09\/1IMG_2579-1-1024x768.jpg\" alt=\"\" class=\"wp-image-601\" srcset=\"https:\/\/www.franck-reboul.com\/blog\/wp-content\/uploads\/2019\/09\/1IMG_2579-1-1024x768.jpg 1024w, https:\/\/www.franck-reboul.com\/blog\/wp-content\/uploads\/2019\/09\/1IMG_2579-1-500x375.jpg 500w, https:\/\/www.franck-reboul.com\/blog\/wp-content\/uploads\/2019\/09\/1IMG_2579-1-768x576.jpg 768w\" sizes=\"auto, (max-width: 1024px) 100vw, 1024px\" \/><\/a><\/figure>\n\n\n\n<figure class=\"wp-block-image\"><a href=\"https:\/\/www.franck-reboul.com\/blog\/wp-content\/uploads\/2019\/09\/1IMG_2575-1.jpg\"><img loading=\"lazy\" decoding=\"async\" width=\"1024\" height=\"768\" data-id=\"596\" src=\"https:\/\/www.franck-reboul.com\/blog\/wp-content\/uploads\/2019\/09\/1IMG_2575-1-1024x768.jpg\" alt=\"\" class=\"wp-image-596\" srcset=\"https:\/\/www.franck-reboul.com\/blog\/wp-content\/uploads\/2019\/09\/1IMG_2575-1-1024x768.jpg 1024w, https:\/\/www.franck-reboul.com\/blog\/wp-content\/uploads\/2019\/09\/1IMG_2575-1-500x375.jpg 500w, https:\/\/www.franck-reboul.com\/blog\/wp-content\/uploads\/2019\/09\/1IMG_2575-1-768x576.jpg 768w\" sizes=\"auto, (max-width: 1024px) 100vw, 1024px\" \/><\/a><\/figure>\n<\/figure>\n\n\n\n<figure class=\"wp-block-gallery has-nested-images columns-default is-cropped wp-block-gallery-2 is-layout-flex wp-block-gallery-is-layout-flex\">\n<figure class=\"wp-block-image\"><a href=\"https:\/\/www.franck-reboul.com\/blog\/wp-content\/uploads\/2019\/09\/1IMG_2515-1.jpg\"><img loading=\"lazy\" decoding=\"async\" width=\"1024\" height=\"768\" data-id=\"598\" src=\"https:\/\/www.franck-reboul.com\/blog\/wp-content\/uploads\/2019\/09\/1IMG_2515-1-1024x768.jpg\" alt=\"\" class=\"wp-image-598\" srcset=\"https:\/\/www.franck-reboul.com\/blog\/wp-content\/uploads\/2019\/09\/1IMG_2515-1-1024x768.jpg 1024w, https:\/\/www.franck-reboul.com\/blog\/wp-content\/uploads\/2019\/09\/1IMG_2515-1-500x375.jpg 500w, https:\/\/www.franck-reboul.com\/blog\/wp-content\/uploads\/2019\/09\/1IMG_2515-1-768x576.jpg 768w\" sizes=\"auto, (max-width: 1024px) 100vw, 1024px\" \/><\/a><\/figure>\n\n\n\n<figure class=\"wp-block-image\"><a href=\"https:\/\/www.franck-reboul.com\/blog\/wp-content\/uploads\/2019\/09\/1IMG_2508-1.jpg\"><img loading=\"lazy\" decoding=\"async\" width=\"1024\" height=\"768\" data-id=\"595\" src=\"https:\/\/www.franck-reboul.com\/blog\/wp-content\/uploads\/2019\/09\/1IMG_2508-1-1024x768.jpg\" alt=\"\" class=\"wp-image-595\" srcset=\"https:\/\/www.franck-reboul.com\/blog\/wp-content\/uploads\/2019\/09\/1IMG_2508-1-1024x768.jpg 1024w, https:\/\/www.franck-reboul.com\/blog\/wp-content\/uploads\/2019\/09\/1IMG_2508-1-500x375.jpg 500w, https:\/\/www.franck-reboul.com\/blog\/wp-content\/uploads\/2019\/09\/1IMG_2508-1-768x576.jpg 768w\" sizes=\"auto, (max-width: 1024px) 100vw, 1024px\" \/><\/a><\/figure>\n\n\n\n<figure class=\"wp-block-image\"><a href=\"https:\/\/www.franck-reboul.com\/blog\/wp-content\/uploads\/2019\/09\/1IMG_1544-1.jpg\"><img loading=\"lazy\" decoding=\"async\" width=\"768\" height=\"1024\" data-id=\"594\" src=\"https:\/\/www.franck-reboul.com\/blog\/wp-content\/uploads\/2019\/09\/1IMG_1544-1-768x1024.jpg\" alt=\"\" class=\"wp-image-594\" srcset=\"https:\/\/www.franck-reboul.com\/blog\/wp-content\/uploads\/2019\/09\/1IMG_1544-1-768x1024.jpg 768w, https:\/\/www.franck-reboul.com\/blog\/wp-content\/uploads\/2019\/09\/1IMG_1544-1-375x500.jpg 375w\" sizes=\"auto, (max-width: 768px) 100vw, 768px\" \/><\/a><\/figure>\n\n\n\n<figure class=\"wp-block-image\"><a href=\"https:\/\/www.franck-reboul.com\/blog\/wp-content\/uploads\/2019\/09\/1405161210505.jpg\"><img loading=\"lazy\" decoding=\"async\" width=\"480\" height=\"328\" data-id=\"586\" src=\"https:\/\/www.franck-reboul.com\/blog\/wp-content\/uploads\/2019\/09\/1405161210505.jpg\" alt=\"\" class=\"wp-image-586\"\/><\/a><\/figure>\n\n\n\n<figure class=\"wp-block-image\"><a href=\"https:\/\/www.franck-reboul.com\/blog\/wp-content\/uploads\/2019\/09\/1IMG_2527.jpg\"><img loading=\"lazy\" decoding=\"async\" width=\"768\" height=\"1024\" data-id=\"572\" src=\"https:\/\/www.franck-reboul.com\/blog\/wp-content\/uploads\/2019\/09\/1IMG_2527-768x1024.jpg\" alt=\"\" class=\"wp-image-572\" srcset=\"https:\/\/www.franck-reboul.com\/blog\/wp-content\/uploads\/2019\/09\/1IMG_2527-768x1024.jpg 768w, https:\/\/www.franck-reboul.com\/blog\/wp-content\/uploads\/2019\/09\/1IMG_2527-375x500.jpg 375w\" sizes=\"auto, (max-width: 768px) 100vw, 768px\" \/><\/a><\/figure>\n\n\n\n<figure class=\"wp-block-image\"><a href=\"https:\/\/www.franck-reboul.com\/blog\/wp-content\/uploads\/2019\/09\/1IMG_2515.jpg\"><img loading=\"lazy\" decoding=\"async\" width=\"1024\" height=\"768\" data-id=\"571\" src=\"https:\/\/www.franck-reboul.com\/blog\/wp-content\/uploads\/2019\/09\/1IMG_2515-1024x768.jpg\" alt=\"\" class=\"wp-image-571\" srcset=\"https:\/\/www.franck-reboul.com\/blog\/wp-content\/uploads\/2019\/09\/1IMG_2515-1024x768.jpg 1024w, https:\/\/www.franck-reboul.com\/blog\/wp-content\/uploads\/2019\/09\/1IMG_2515-500x375.jpg 500w, https:\/\/www.franck-reboul.com\/blog\/wp-content\/uploads\/2019\/09\/1IMG_2515-768x576.jpg 768w\" sizes=\"auto, (max-width: 1024px) 100vw, 1024px\" \/><\/a><\/figure>\n\n\n\n<figure class=\"wp-block-image\"><a href=\"https:\/\/www.franck-reboul.com\/blog\/wp-content\/uploads\/2019\/09\/1IMG_2508.jpg\"><img loading=\"lazy\" decoding=\"async\" width=\"1024\" height=\"768\" data-id=\"570\" src=\"https:\/\/www.franck-reboul.com\/blog\/wp-content\/uploads\/2019\/09\/1IMG_2508-1024x768.jpg\" alt=\"\" class=\"wp-image-570\" srcset=\"https:\/\/www.franck-reboul.com\/blog\/wp-content\/uploads\/2019\/09\/1IMG_2508-1024x768.jpg 1024w, https:\/\/www.franck-reboul.com\/blog\/wp-content\/uploads\/2019\/09\/1IMG_2508-500x375.jpg 500w, https:\/\/www.franck-reboul.com\/blog\/wp-content\/uploads\/2019\/09\/1IMG_2508-768x576.jpg 768w\" sizes=\"auto, (max-width: 1024px) 100vw, 1024px\" \/><\/a><\/figure>\n\n\n\n<figure class=\"wp-block-image\"><a href=\"https:\/\/www.franck-reboul.com\/blog\/wp-content\/uploads\/2019\/09\/1IMG_1542.jpg\"><img loading=\"lazy\" decoding=\"async\" width=\"1024\" height=\"722\" data-id=\"568\" src=\"https:\/\/www.franck-reboul.com\/blog\/wp-content\/uploads\/2019\/09\/1IMG_1542-1024x722.jpg\" alt=\"\" class=\"wp-image-568\" srcset=\"https:\/\/www.franck-reboul.com\/blog\/wp-content\/uploads\/2019\/09\/1IMG_1542-1024x722.jpg 1024w, https:\/\/www.franck-reboul.com\/blog\/wp-content\/uploads\/2019\/09\/1IMG_1542-500x353.jpg 500w, https:\/\/www.franck-reboul.com\/blog\/wp-content\/uploads\/2019\/09\/1IMG_1542-768x542.jpg 768w\" sizes=\"auto, (max-width: 1024px) 100vw, 1024px\" \/><\/a><\/figure>\n<\/figure>\n\n\n\n<figure class=\"wp-block-gallery has-nested-images columns-default is-cropped wp-block-gallery-3 is-layout-flex wp-block-gallery-is-layout-flex\">\n<figure class=\"wp-block-image\"><img loading=\"lazy\" decoding=\"async\" width=\"768\" height=\"1024\" data-id=\"578\" src=\"https:\/\/www.franck-reboul.com\/blog\/wp-content\/uploads\/2019\/09\/1IMG_2554-768x1024.jpg\" alt=\"\" class=\"wp-image-578\" srcset=\"https:\/\/www.franck-reboul.com\/blog\/wp-content\/uploads\/2019\/09\/1IMG_2554-768x1024.jpg 768w, https:\/\/www.franck-reboul.com\/blog\/wp-content\/uploads\/2019\/09\/1IMG_2554-375x500.jpg 375w\" sizes=\"auto, (max-width: 768px) 100vw, 768px\" \/><\/figure>\n\n\n\n<figure class=\"wp-block-image\"><img loading=\"lazy\" decoding=\"async\" width=\"768\" height=\"1024\" data-id=\"573\" src=\"https:\/\/www.franck-reboul.com\/blog\/wp-content\/uploads\/2019\/09\/1IMG_2529-768x1024.jpg\" alt=\"\" class=\"wp-image-573\" srcset=\"https:\/\/www.franck-reboul.com\/blog\/wp-content\/uploads\/2019\/09\/1IMG_2529-768x1024.jpg 768w, https:\/\/www.franck-reboul.com\/blog\/wp-content\/uploads\/2019\/09\/1IMG_2529-375x500.jpg 375w\" sizes=\"auto, (max-width: 768px) 100vw, 768px\" \/><\/figure>\n\n\n\n<figure class=\"wp-block-image\"><img loading=\"lazy\" decoding=\"async\" width=\"1024\" height=\"768\" data-id=\"574\" src=\"https:\/\/www.franck-reboul.com\/blog\/wp-content\/uploads\/2019\/09\/1IMG_2530-1024x768.jpg\" alt=\"\" class=\"wp-image-574\" srcset=\"https:\/\/www.franck-reboul.com\/blog\/wp-content\/uploads\/2019\/09\/1IMG_2530-1024x768.jpg 1024w, https:\/\/www.franck-reboul.com\/blog\/wp-content\/uploads\/2019\/09\/1IMG_2530-500x375.jpg 500w, https:\/\/www.franck-reboul.com\/blog\/wp-content\/uploads\/2019\/09\/1IMG_2530-768x576.jpg 768w\" sizes=\"auto, (max-width: 1024px) 100vw, 1024px\" \/><\/figure>\n\n\n\n<figure class=\"wp-block-image\"><img loading=\"lazy\" decoding=\"async\" width=\"1024\" height=\"768\" data-id=\"576\" src=\"https:\/\/www.franck-reboul.com\/blog\/wp-content\/uploads\/2019\/09\/1IMG_2539-1024x768.jpg\" alt=\"\" class=\"wp-image-576\" srcset=\"https:\/\/www.franck-reboul.com\/blog\/wp-content\/uploads\/2019\/09\/1IMG_2539-1024x768.jpg 1024w, https:\/\/www.franck-reboul.com\/blog\/wp-content\/uploads\/2019\/09\/1IMG_2539-500x375.jpg 500w, https:\/\/www.franck-reboul.com\/blog\/wp-content\/uploads\/2019\/09\/1IMG_2539-768x576.jpg 768w\" sizes=\"auto, (max-width: 1024px) 100vw, 1024px\" \/><\/figure>\n\n\n\n<figure class=\"wp-block-image\"><img loading=\"lazy\" decoding=\"async\" width=\"768\" height=\"1024\" data-id=\"577\" src=\"https:\/\/www.franck-reboul.com\/blog\/wp-content\/uploads\/2019\/09\/1IMG_2546-768x1024.jpg\" alt=\"\" class=\"wp-image-577\" srcset=\"https:\/\/www.franck-reboul.com\/blog\/wp-content\/uploads\/2019\/09\/1IMG_2546-768x1024.jpg 768w, https:\/\/www.franck-reboul.com\/blog\/wp-content\/uploads\/2019\/09\/1IMG_2546-375x500.jpg 375w\" sizes=\"auto, (max-width: 768px) 100vw, 768px\" \/><\/figure>\n\n\n\n<figure class=\"wp-block-image\"><img loading=\"lazy\" decoding=\"async\" width=\"768\" height=\"1024\" data-id=\"579\" src=\"https:\/\/www.franck-reboul.com\/blog\/wp-content\/uploads\/2019\/09\/1IMG_2561-768x1024.jpg\" alt=\"\" class=\"wp-image-579\" srcset=\"https:\/\/www.franck-reboul.com\/blog\/wp-content\/uploads\/2019\/09\/1IMG_2561-768x1024.jpg 768w, https:\/\/www.franck-reboul.com\/blog\/wp-content\/uploads\/2019\/09\/1IMG_2561-375x500.jpg 375w\" sizes=\"auto, (max-width: 768px) 100vw, 768px\" \/><\/figure>\n\n\n\n<figure class=\"wp-block-image\"><img loading=\"lazy\" decoding=\"async\" width=\"1024\" height=\"768\" data-id=\"575\" src=\"https:\/\/www.franck-reboul.com\/blog\/wp-content\/uploads\/2019\/09\/1IMG_2531-1024x768.jpg\" alt=\"\" class=\"wp-image-575\" srcset=\"https:\/\/www.franck-reboul.com\/blog\/wp-content\/uploads\/2019\/09\/1IMG_2531-1024x768.jpg 1024w, https:\/\/www.franck-reboul.com\/blog\/wp-content\/uploads\/2019\/09\/1IMG_2531-500x375.jpg 500w, https:\/\/www.franck-reboul.com\/blog\/wp-content\/uploads\/2019\/09\/1IMG_2531-768x576.jpg 768w\" sizes=\"auto, (max-width: 1024px) 100vw, 1024px\" \/><\/figure>\n<\/figure>\n","protected":false},"excerpt":{"rendered":"<p>Bayliner 8.73m x 2.59m Description BAYLINER 285 SB + POSSIBILITE DE PLACE AU PORT Cabin Cruiser (8.73m et 2.59m de large ) &nbsp;tout Equip\u00e9 pour navigation c\u00f4ti\u00e8re id\u00e9al pour les croisi\u00e8res c\u00f4ti\u00e8res et pour d\u00e9couvrir les c\u00f4tes m\u00e9diterran\u00e9ennes sous un autre angle. 4 Couchages possible 1 cabines + mid cab 9 passagers, Salle d&rsquo;eau avec&hellip; <a class=\"more-link\" href=\"https:\/\/www.franck-reboul.com\/blog\/bayliner-265-sb\/\">Poursuivre la lecture <span class=\"screen-reader-text\">BAYLINER 285 SB<\/span><\/a><\/p>\n","protected":false},"author":1,"featured_media":565,"parent":0,"menu_order":0,"comment_status":"closed","ping_status":"closed","template":"","meta":{"footnotes":""},"class_list":["post-520","page","type-page","status-publish","has-post-thumbnail","hentry","entry"],"_links":{"self":[{"href":"https:\/\/www.franck-reboul.com\/blog\/wp-json\/wp\/v2\/pages\/520","targetHints":{"allow":["GET"]}}],"collection":[{"href":"https:\/\/www.franck-reboul.com\/blog\/wp-json\/wp\/v2\/pages"}],"about":[{"href":"https:\/\/www.franck-reboul.com\/blog\/wp-json\/wp\/v2\/types\/page"}],"author":[{"embeddable":true,"href":"https:\/\/www.franck-reboul.com\/blog\/wp-json\/wp\/v2\/users\/1"}],"replies":[{"embeddable":true,"href":"https:\/\/www.franck-reboul.com\/blog\/wp-json\/wp\/v2\/comments?post=520"}],"version-history":[{"count":3,"href":"https:\/\/www.franck-reboul.com\/blog\/wp-json\/wp\/v2\/pages\/520\/revisions"}],"predecessor-version":[{"id":21781,"href":"https:\/\/www.franck-reboul.com\/blog\/wp-json\/wp\/v2\/pages\/520\/revisions\/21781"}],"wp:featuredmedia":[{"embeddable":true,"href":"https:\/\/www.franck-reboul.com\/blog\/wp-json\/wp\/v2\/media\/565"}],"wp:attachment":[{"href":"https:\/\/www.franck-reboul.com\/blog\/wp-json\/wp\/v2\/media?parent=520"}],"curies":[{"name":"wp","href":"https:\/\/api.w.org\/{rel}","templated":true}]}}