{"id":511,"date":"2018-06-10T07:45:42","date_gmt":"2018-06-10T05:45:42","guid":{"rendered":"http:\/\/www.franck-reboul.com\/blog\/?page_id=511"},"modified":"2018-06-10T07:46:22","modified_gmt":"2018-06-10T05:46:22","slug":"mentions-legales","status":"publish","type":"page","link":"https:\/\/www.franck-reboul.com\/blog\/mentions-legales\/","title":{"rendered":"Mentions l\u00e9gales"},"content":{"rendered":"<p><b>Propri\u00e9taire du site :<\/b><\/p>\n<p><b>Franck Reboul<\/b><\/p>\n<p>&nbsp;<\/p>\n<p>Si\u00e8ge social :<\/p>\n<ul>\n<li class=\"office\">859 le bousquet<\/li>\n<li>83570 montfort sur argens<\/li>\n<\/ul>\n<p>&nbsp;<\/p>\n<p>T\u00e9l : 06 52 65 05 83<\/p>\n<p><b>Directeur de la publication<\/b><\/p>\n<p>Franck Reboul<\/p>\n<ul>\n<li class=\"email\">info@franck-reboul.com<\/li>\n<\/ul>\n<div><\/div>\n<p><b>\u00a0Conception et r\u00e9alisation :<\/b><\/p>\n<p>franck reboul<\/p>\n<p><b>H\u00e9bergeur<\/b><\/p>\n<h5>OVH<\/h5>\n<p>SAS au capital de 10 000 000 \u20ac\u00a0<br clear=\"all\" \/>RCS Roubaix \u2013 Tourcoing 424 761 419 00045<br clear=\"all\" \/>Code APE 6202A<br clear=\"all\" \/>N\u00b0 TVA : FR 22 424 761 419<br clear=\"all\" \/>Si\u00e8ge social : 2 rue Kellermann \u2013 59100 Roubaix \u2013 France.<\/p>\n<p>&nbsp;<\/p>\n<p><b>Collecte de donn\u00e9es personnelles<\/b><\/p>\n<p>Responsable du traitement : Mr Franck Reboul<\/p>\n<p>Les informations recueillies font l\u2019objet d\u2019un traitement informatique destin\u00e9 \u00e0 informer les internautes sur les services\u00a0 du site.<\/p>\n<p>Conform\u00e9ment \u00e0 la loi \u00ab informatique et libert\u00e9s \u00bb du 6 janvier 1978 modifi\u00e9e en 2004, vous b\u00e9n\u00e9ficiez d\u2019un droit d\u2019acc\u00e8s et de rectification aux informations qui vous concernent, que vous pouvez exercer en vous adressant \u00e0 B\u00e9aba-Informatique.<\/p>\n<p>Vous pouvez \u00e9galement, pour des motifs l\u00e9gitimes, vous opposer au traitement des donn\u00e9es vous concernant.<\/p>\n<p>L\u2019ensemble de ce site rel\u00e8ve des l\u00e9gislations fran\u00e7aises et internationales sur le droit d\u2019auteur et la propri\u00e9t\u00e9 intellectuelle. Tous les droits de reproduction sont r\u00e9serv\u00e9s, y compris pour les documents iconographiques et photographiques.<\/p>\n<p>D\u2019une fa\u00e7on g\u00e9n\u00e9rale, vous pouvez visiter notre site sur Internet sans avoir \u00e0 d\u00e9cliner votre identit\u00e9 et \u00e0 fournir des informations personnelles vous concernant. Cependant, nous pouvons parfois vous demander des informations. Par exemple, pour traiter une commande, \u00e9tablir une correspondance, fournir un abonnement ou soumettre une candidature \u00e0 un poste. Nous pouvons compl\u00e9ter ces informations pour conclure une transaction ou offrir un meilleur service.<\/p>\n<h3><strong>Mise aux normes Europ\u00e9ennes,<\/strong><\/h3>\n<p>Directive Europ\u00e9enne des Cookies et\u00a0 RGPD\u00a0 assurent le bon fonctionnement de nos services,.<\/p>\n<p>En utilisant ces derniers, vous acceptez l\u2019utilisation des cookies ainsi que les conditions g\u00e9n\u00e9rales du site ces donn\u00e9es (nom, pr\u00e9nom, adresse, t\u00e9l\u00e9phone, adrsse IP, et moyen de r\u00e8glement) se sont conserv\u00e9es uniquement pour le bon d\u00e9roulement\u00a0 des commandes ainsi que pour la facturation, et le suivi du comportement de l\u2019utilisateur sur le site.<\/p>\n<p>Elles seront stock\u00e9es durant 6 ans maximum<br \/>\nvous pouvez si vous le d\u00e9sirez demander \u00e0 vous d\u00e9sinscrire en envoyant un mail au webmaster\u00a0:\u00a0info@franck-reboul.com<\/p>\n<p>Les mesures de s\u00e9curit\u00e9\u00a0\u00e9es mise en place sont celle du CMS avec lequel le site a \u00e9t\u00e9 r\u00e9alis\u00e9.<\/p>\n<p><a href=\"https:\/\/www.cnil.fr\/fr\/cookies-les-outils-pour-les-maitriser\">https:\/\/www.cnil.fr\/fr\/cookies-les-outils-pour-les-maitriser<\/a><\/p>\n<p>&nbsp;<\/p>\n<p><strong>Liens hypertextes et cookies.<\/strong><\/p>\n<p>Le site\u00a0http:\/\/http:\/\/monge-pompe-forage.com contient un certain nombre de liens hypertextes vers d\u2019autres sites, mis en place avec notre autorisation. Cependant, nous n\u2019avons pas la possibilit\u00e9 de v\u00e9rifier le contenu des sites ainsi visit\u00e9s, et n\u2019assumeront en cons\u00e9quence aucune responsabilit\u00e9 de ce fait.<\/p>\n<p>La navigation sur le site\u00a0http:\/\/http:\/\/monge-pompe-forage.com est susceptible de provoquer l\u2019installation de cookie(s) sur l\u2019ordinateur de l\u2019utilisateur. Un cookie est un fichier de petite taille, qui ne permet pas l\u2019identification de l\u2019utilisateur, mais qui enregistre des informations relatives \u00e0 la navigation d\u2019un ordinateur sur un site. Les donn\u00e9es ainsi obtenues visent \u00e0 faciliter la navigation ult\u00e9rieure sur le site, et ont \u00e9galement vocation \u00e0 permettre diverses mesures de fr\u00e9quentation.<\/p>\n<p>Le refus d\u2019installation d\u2019un cookie peut entra\u00eener l\u2019impossibilit\u00e9 d\u2019acc\u00e9der \u00e0 certains services. L\u2019utilisateur peut toutefois configurer son ordinateur de la mani\u00e8re suivante, pour refuser l\u2019installation des cookies :<\/p>\n<p>Sous Internet Explorer : onglet outil \/ options internet. Cliquez sur Confidentialit\u00e9 et choisissez Bloquer tous les cookies. Validez sur Ok.<\/p>\n<p>Sous Google Chrome\u00a0: onglet outils\u00a0\/\u00a0effacer les donn\u00e9es de navigations. Faites votre choix puis cliquez sur le bouton \u201ceffacer les donn\u00e9es de navigation\u201d<\/p>\n<p>Sous Firefox : onglet option \/ vie priv\u00e9e\/ pistage (choisissez d\u2019\u00eatre traqu\u00e9 ou pas) \u2013 Historique : supprimer des cookies sp\u00e9cifiques \/ supprimer tous les cookies.<\/p>\n","protected":false},"excerpt":{"rendered":"<p>Propri\u00e9taire du site : Franck Reboul &nbsp; Si\u00e8ge social : 859 le bousquet 83570 montfort sur argens &nbsp; T\u00e9l : 06 52 65 05 83 Directeur de la publication Franck Reboul info@franck-reboul.com \u00a0Conception et r\u00e9alisation : franck reboul H\u00e9bergeur OVH SAS au capital de 10 000 000 \u20ac\u00a0RCS Roubaix \u2013 Tourcoing 424 761 419 00045Code&hellip; <a class=\"more-link\" href=\"https:\/\/www.franck-reboul.com\/blog\/mentions-legales\/\">Poursuivre la lecture <span class=\"screen-reader-text\">Mentions l\u00e9gales<\/span><\/a><\/p>\n","protected":false},"author":1,"featured_media":0,"parent":0,"menu_order":0,"comment_status":"closed","ping_status":"closed","template":"","meta":{"footnotes":""},"class_list":["post-511","page","type-page","status-publish","hentry","entry"],"_links":{"self":[{"href":"https:\/\/www.franck-reboul.com\/blog\/wp-json\/wp\/v2\/pages\/511","targetHints":{"allow":["GET"]}}],"collection":[{"href":"https:\/\/www.franck-reboul.com\/blog\/wp-json\/wp\/v2\/pages"}],"about":[{"href":"https:\/\/www.franck-reboul.com\/blog\/wp-json\/wp\/v2\/types\/page"}],"author":[{"embeddable":true,"href":"https:\/\/www.franck-reboul.com\/blog\/wp-json\/wp\/v2\/users\/1"}],"replies":[{"embeddable":true,"href":"https:\/\/www.franck-reboul.com\/blog\/wp-json\/wp\/v2\/comments?post=511"}],"version-history":[{"count":0,"href":"https:\/\/www.franck-reboul.com\/blog\/wp-json\/wp\/v2\/pages\/511\/revisions"}],"wp:attachment":[{"href":"https:\/\/www.franck-reboul.com\/blog\/wp-json\/wp\/v2\/media?parent=511"}],"curies":[{"name":"wp","href":"https:\/\/api.w.org\/{rel}","templated":true}]}}