{"id":483,"date":"2016-05-11T10:43:22","date_gmt":"2016-05-11T08:43:22","guid":{"rendered":"http:\/\/www.franck-reboul.com\/blog\/?page_id=483"},"modified":"2021-05-20T08:23:41","modified_gmt":"2021-05-20T06:23:41","slug":"mon-accident-de-moto-et-ses-suites","status":"publish","type":"page","link":"https:\/\/www.franck-reboul.com\/blog\/mon-accident-de-moto-et-ses-suites\/","title":{"rendered":"Mon accident de moto"},"content":{"rendered":"\n<h4 class=\"wp-block-heading\">&#8230;<strong>et ses suites<\/strong> <strong>ou comment perdre la vie (que 2 ans de sa vie avec beaucoup de chance)<\/strong><\/h4>\n\n\n\n<p class=\"has-secondary-background-color has-background\"><strong>Le 22 juin 2009 \u00e0 7 h 30 sur la route de Carc\u00e8s<\/strong>&#8230;<\/p>\n\n\n\n<p><strong>Je suis motard depuis plus de 25 ans donc pas un novice, et avec plusieurs motos \u00e0 mon actif, la derni\u00e8re un 650.<\/strong><\/p>\n\n\n\n<p>Malgr\u00e9 cela&#8230; J\u2019ai \u00e9t\u00e9 victime d\u2019un accident de moto au mois de Juin 2009 <strong>qui aurait d\u00fb \u00eatre mortel<\/strong>. En effet \u00e0 7h30 en allant travailler j\u2019ai percut\u00e9 une voiture qui venait en sans inverse. Je suis sortie limite axe m\u00e9dian et la voiture roulait elle aussi tr\u00e8s pr\u00eat du m\u00eame axe m\u00e9dian de la route. Ce qui a eu pour effet une collision spectaculaire&nbsp;! La voiture roue avant gauche arrach\u00e9e et ma moto explos\u00e9e&nbsp;!<\/p>\n\n\n\n<figure class=\"wp-block-gallery columns-2 is-cropped wp-block-gallery-1 is-layout-flex wp-block-gallery-is-layout-flex\"><ul class=\"blocks-gallery-grid\"><li class=\"blocks-gallery-item\"><figure><a href=\"https:\/\/www.franck-reboul.com\/blog\/mon-accident-de-moto-et-ses-suites\/voiture\/\"><img loading=\"lazy\" decoding=\"async\" width=\"816\" height=\"612\" src=\"https:\/\/www.franck-reboul.com\/blog\/wp-content\/uploads\/2011\/02\/voiture.jpg\" alt=\"\" data-id=\"100\" data-full-url=\"https:\/\/www.franck-reboul.com\/blog\/wp-content\/uploads\/2011\/02\/voiture.jpg\" data-link=\"https:\/\/www.franck-reboul.com\/blog\/mon-accident-de-moto-et-ses-suites\/voiture\/\" class=\"wp-image-100\" srcset=\"https:\/\/www.franck-reboul.com\/blog\/wp-content\/uploads\/2011\/02\/voiture.jpg 816w, https:\/\/www.franck-reboul.com\/blog\/wp-content\/uploads\/2011\/02\/voiture-300x225.jpg 300w\" sizes=\"auto, (max-width: 816px) 100vw, 816px\" \/><\/a><\/figure><\/li><li class=\"blocks-gallery-item\"><figure><a href=\"https:\/\/www.franck-reboul.com\/blog\/mon-accident-de-moto-et-ses-suites\/moto\/\"><img loading=\"lazy\" decoding=\"async\" width=\"816\" height=\"612\" src=\"https:\/\/www.franck-reboul.com\/blog\/wp-content\/uploads\/2011\/02\/moto.jpg\" alt=\"\" data-id=\"101\" data-full-url=\"https:\/\/www.franck-reboul.com\/blog\/wp-content\/uploads\/2011\/02\/moto.jpg\" data-link=\"https:\/\/www.franck-reboul.com\/blog\/mon-accident-de-moto-et-ses-suites\/moto\/\" class=\"wp-image-101\" srcset=\"https:\/\/www.franck-reboul.com\/blog\/wp-content\/uploads\/2011\/02\/moto.jpg 816w, https:\/\/www.franck-reboul.com\/blog\/wp-content\/uploads\/2011\/02\/moto-300x225.jpg 300w\" sizes=\"auto, (max-width: 816px) 100vw, 816px\" \/><\/a><\/figure><\/li><\/ul><\/figure>\n\n\n\n<p>Heureusement pour moi, j\u2019\u00e9tais \u00e9quip\u00e9 comme un VRAI MOTARD&nbsp;:<\/p>\n\n\n\n<ul class=\"wp-block-list\"><li>Un tr\u00e8s bon casque (je ne veux pas faire de publicit\u00e9 mais mon <strong>CABERG<\/strong> m\u2019a sauv\u00e9 la vie<\/li><li>Un vrai blouson avec protections, dorsale, coudes, \u00e9paules<\/li><li>Des bons gants d\u2019\u00e9t\u00e9<\/li><li>Un jeans<\/li><li>Des baskets de skateur tr\u00e8s robuste<\/li><\/ul>\n\n\n\n<p><strong>Et pas comme je les vois ces <\/strong><strong>inconscients en short et tong<\/strong><\/p>\n\n\n\n<p>Je partais travailler, quand arriv\u00e9 au bout du chemin qui rejoint la route, une voiture me fait appel de phare (voulant me dire&nbsp;: \u00ab&nbsp;<strong>ne sort pas&nbsp;\u00bb<\/strong>), compte tenu de la ligne droite importante \u00e0 cet endroit la, je savais bien que j\u2019avais largement le temps. Courageux mais pas t\u00e9m\u00e9raire, je suis sortis mais j\u2019ai plus acc\u00e9l\u00e9r\u00e9 que d\u2019habitude pour ne pas faire ralentir la voiture. Ce qui \u00e0 eu pour effet de me faire finir la ligne droite avec une vitesse confortable, pour attaquer la l\u00e9g\u00e8re courbe sur la droite ou je d\u00e9couvre une voiture qui roulait moins vite que moi.<\/p>\n\n\n\n<p>En une fraction de seconde, je d\u00e9cide de la doubler, et \u00e0 ce moment pr\u00e9cis, j\u2019en d\u00e9couvre une deuxi\u00e8me&nbsp;!!<\/p>\n\n\n\n<p>La, lanc\u00e9, entrain de doubler la premi\u00e8re, je mets plein gaz pour doubler les deux avant la courbe. Courbe qui se prend sans difficult\u00e9 particuli\u00e8re \u00e0 grande vitesse, ce qui n\u2019\u00e9tait pas mon cas, je ne sais dire mon allure mais tr\u00e8s l\u00e9g\u00e8rement au dessus de la limitation avant le \u00ab&nbsp;plein gaz&nbsp;\u00bb pour me sortir de la&nbsp;!<\/p>\n\n\n\n<p>Je compris vite que \u00e7a allait \u00eatre juste&nbsp;! D\u2019autant plus que la deuxi\u00e8me voiture que j\u2019\u00e9tais en train de doubler n\u2019\u00e9tait pas tr\u00e8s \u00e0 droite, donc moi encore moins&nbsp;! L\u2019entr\u00e9e dans la courbe fut d\u00e9licate, car il faut <strong>co\u00fbte que co\u00fbte sortir \u00e0 droite. <\/strong>Donc cela implique de r\u00e9duire les gaz, mais pas trop pour avoir toujours de l\u2019adh\u00e9rence et coucher la moto au maxi pour garder la droite en sortie.<\/p>\n\n\n\n<p>Man\u0153uvre que j\u2019ai surement due, mal effectuer, <strong>car ce qui devait arriver arriva.<\/strong><\/p>\n\n\n\n<p>J\u2019ai vu en face, une voiture qui arrivait, et qui roulait sur la bande blanche. J\u2019ai compris que s\u2019il ne faisait pas un \u00e9cart <strong>c\u2019\u00e9tait la collision garantie<\/strong> ! Je n\u2019ai pas eu de chance, car c\u2019\u00e9tait un couple de personnes \u00e2g\u00e9es qui n\u2019ont rien vu ni rien compris. Ils avaient le soleil de face et n\u2019ont pas eu le temps de donner <strong>LE COUP DE VOLANT<\/strong> que j\u2019esp\u00e9rais&nbsp;!!<\/p>\n\n\n\n<p>Je me rappelle avoir entendu un bruit de bouteille plastique que l\u2019on compresse comme quand on veut r\u00e9duire son volume en chassant l\u2019air.<\/p>\n\n\n\n<p>Lorsque je comprends que j\u2019ai eu un accident, je suis couch\u00e9 sur le sol, et une personne est pench\u00e9e au-dessus de moi. Je lui demande de redresser ma moto, car je ne veux pas qu\u2019elle s\u2019abime \u00e0 terre. Il ne m\u2019entend pas bien, donc je d\u00e9cide d\u2019ouvrir mon casque modulable en appuyant sur un bouton au niveau du menton, mais je n\u2019y arrive pas&nbsp;! Je regarde alors ma main droite et je vois que mon pouce \u00e0 disparu&nbsp;!!<\/p>\n\n\n\n<p><strong>L\u00e0&nbsp;! J\u2019ai compris que c\u2019\u00e9tait grave&nbsp;!!<\/strong><\/p>\n\n\n\n<p>J\u2019ai voulu me lever, et rien ne r\u00e9pondait&nbsp;! Sans aucune douleur j\u2019avais l\u2019impression d\u2019\u00eatre dans du coton et j\u2019entendais de moins en moins, puis plus rien&nbsp;!<\/p>\n\n\n\n<p><strong>J\u2019ai perdu connaissance.<\/strong><\/p>\n\n\n\n<p>On m\u2019a racont\u00e9 que mon pied gauche calait mon casque, et que ma jambe droite \u00e9tait \u00e0 90\u00b0. Un petit tour d\u2019h\u00e9licopt\u00e8re pour m\u2019\u00e9vacuer et une transfusion, car je perdais beaucoup de sang m\u2019ont permis de pouvoir vous raconter mon histoire.<\/p>\n\n\n\n<p>Quant \u00e0 moi, 9 fractures&nbsp;:<\/p>\n\n\n\n<ul class=\"wp-block-list\"><li>2 fractures aux f\u00e9murs, dont une double fracture ouverte ;<\/li><li>1 fracture du tibia ouvert ;<\/li><li>1 fracture p\u00e9ron\u00e9 ;<\/li><li>2 fractures aux annulaires ;<\/li><li>1 fracture d\u2019une vert\u00e8bre cervicale C4 ;<\/li><li>Fractures de c\u00f4tes ;<\/li><li>Fracture et arrachement ligamentaire du pouce.<\/li><\/ul>\n\n\n\n<figure class=\"wp-block-gallery columns-3 is-cropped wp-block-gallery-2 is-layout-flex wp-block-gallery-is-layout-flex\"><ul class=\"blocks-gallery-grid\"><li class=\"blocks-gallery-item\"><figure><a href=\"https:\/\/www.franck-reboul.com\/blog\/mon-accident-de-moto-et-ses-suites\/st-anne-au-debut\/\"><img loading=\"lazy\" decoding=\"async\" width=\"800\" height=\"600\" src=\"https:\/\/www.franck-reboul.com\/blog\/wp-content\/uploads\/2011\/02\/st-anne-au-debut.jpg\" alt=\"\" data-id=\"104\" data-full-url=\"https:\/\/www.franck-reboul.com\/blog\/wp-content\/uploads\/2011\/02\/st-anne-au-debut.jpg\" data-link=\"https:\/\/www.franck-reboul.com\/blog\/mon-accident-de-moto-et-ses-suites\/st-anne-au-debut\/\" class=\"wp-image-104\" srcset=\"https:\/\/www.franck-reboul.com\/blog\/wp-content\/uploads\/2011\/02\/st-anne-au-debut.jpg 800w, https:\/\/www.franck-reboul.com\/blog\/wp-content\/uploads\/2011\/02\/st-anne-au-debut-300x225.jpg 300w\" sizes=\"auto, (max-width: 800px) 100vw, 800px\" \/><\/a><\/figure><\/li><li class=\"blocks-gallery-item\"><figure><a href=\"https:\/\/www.franck-reboul.com\/blog\/mon-accident-de-moto-et-ses-suites\/orthese-jambe-gauche\/\"><img loading=\"lazy\" decoding=\"async\" width=\"976\" height=\"632\" src=\"https:\/\/www.franck-reboul.com\/blog\/wp-content\/uploads\/2011\/02\/orthese-jambe-gauche.jpg\" alt=\"\" data-id=\"105\" data-full-url=\"https:\/\/www.franck-reboul.com\/blog\/wp-content\/uploads\/2011\/02\/orthese-jambe-gauche.jpg\" data-link=\"https:\/\/www.franck-reboul.com\/blog\/mon-accident-de-moto-et-ses-suites\/orthese-jambe-gauche\/\" class=\"wp-image-105\" srcset=\"https:\/\/www.franck-reboul.com\/blog\/wp-content\/uploads\/2011\/02\/orthese-jambe-gauche.jpg 976w, https:\/\/www.franck-reboul.com\/blog\/wp-content\/uploads\/2011\/02\/orthese-jambe-gauche-300x194.jpg 300w\" sizes=\"auto, (max-width: 976px) 100vw, 976px\" \/><\/a><\/figure><\/li><li class=\"blocks-gallery-item\"><figure><a href=\"https:\/\/www.franck-reboul.com\/blog\/mon-accident-de-moto-et-ses-suites\/radio-avant-apresloperation\/\"><img loading=\"lazy\" decoding=\"async\" width=\"529\" height=\"619\" src=\"https:\/\/www.franck-reboul.com\/blog\/wp-content\/uploads\/2011\/02\/radio-avant-apresloperation.jpg\" alt=\"\" data-id=\"106\" data-full-url=\"https:\/\/www.franck-reboul.com\/blog\/wp-content\/uploads\/2011\/02\/radio-avant-apresloperation.jpg\" data-link=\"https:\/\/www.franck-reboul.com\/blog\/mon-accident-de-moto-et-ses-suites\/radio-avant-apresloperation\/\" class=\"wp-image-106\" srcset=\"https:\/\/www.franck-reboul.com\/blog\/wp-content\/uploads\/2011\/02\/radio-avant-apresloperation.jpg 529w, https:\/\/www.franck-reboul.com\/blog\/wp-content\/uploads\/2011\/02\/radio-avant-apresloperation-256x300.jpg 256w\" sizes=\"auto, (max-width: 529px) 100vw, 529px\" \/><\/a><\/figure><\/li><li class=\"blocks-gallery-item\"><figure><a href=\"https:\/\/www.franck-reboul.com\/blog\/mon-accident-de-moto-et-ses-suites\/radioavant-apres-loperation2\/\"><img loading=\"lazy\" decoding=\"async\" width=\"800\" height=\"600\" src=\"https:\/\/www.franck-reboul.com\/blog\/wp-content\/uploads\/2011\/02\/radioavant-apres-loperation2.jpg\" alt=\"\" data-id=\"107\" data-full-url=\"https:\/\/www.franck-reboul.com\/blog\/wp-content\/uploads\/2011\/02\/radioavant-apres-loperation2.jpg\" data-link=\"https:\/\/www.franck-reboul.com\/blog\/mon-accident-de-moto-et-ses-suites\/radioavant-apres-loperation2\/\" class=\"wp-image-107\" srcset=\"https:\/\/www.franck-reboul.com\/blog\/wp-content\/uploads\/2011\/02\/radioavant-apres-loperation2.jpg 800w, https:\/\/www.franck-reboul.com\/blog\/wp-content\/uploads\/2011\/02\/radioavant-apres-loperation2-300x225.jpg 300w\" sizes=\"auto, (max-width: 800px) 100vw, 800px\" \/><\/a><\/figure><\/li><\/ul><\/figure>\n\n\n\n<p>Apr\u00e8s l\u2019h\u00e9liportage sur l\u2019h\u00f4pital St Anne&nbsp; \u00e0 Toulon, j\u2019ai fait 1 arr\u00eat cardiaque, j\u2019ai \u00e9t\u00e9 transfus\u00e9 avec environ 2 litres de sang (un <em>humain<\/em> adulte est dot\u00e9 d&rsquo;environ 5 litres) sur la route puis au bloc un deuxi\u00e8me arr\u00eat cardiaque et deuxi\u00e8me transfusion, les m\u00e9decins donnaient \u00e0 ma famille <strong>10 % de chance de sur vie<\/strong>, 72 h de r\u00e9animation avec retour au bloc d\u00e8s que mon c\u0153ur s\u2019est stabilis\u00e9 , pour finir l\u2019op\u00e9ration, car trop de moelle osseuse dans le sang et chute des plaquettes&nbsp;!<\/p>\n\n\n\n<p>Quand j\u2019ai repris connaissance, mes 3 chirurgiens et oui 3 ( un pour les mains et un par jambe) m\u2019ont dit que <strong>mon \u00e9quipement m\u2019avait sauv\u00e9 la vie<\/strong> et m\u2019ont demand\u00e9 la marque de mon casque&nbsp;!<\/p>\n\n\n\n<div class=\"wp-block-media-text alignwide is-stacked-on-mobile has-background has-subtle-background-background-color has-background\" style=\"grid-template-columns:19% auto\"><figure class=\"wp-block-media-text__media\"><img loading=\"lazy\" decoding=\"async\" width=\"400\" height=\"172\" src=\"https:\/\/www.franck-reboul.com\/blog\/wp-content\/uploads\/2020\/07\/caberg-helmets.png\" alt=\"\" class=\"wp-image-21701 size-full\"\/><\/figure><div class=\"wp-block-media-text__content\">\n<p class=\"has-large-font-size\">Pardon pour la pub, mais je leur dois la vie<\/p>\n<\/div><\/div>\n\n\n\n<p>J\u2019ai fait 1 mois d\u2019h\u00f4pital, avec une minerve, 4 orth\u00e8ses une par jambe et une par main, 3 mois de r\u00e9\u00e9ducation \u00e0 L\u00e9on B\u00e9rard Hy\u00e8res.<\/p>\n\n\n\n<figure class=\"wp-block-pullquote\"><blockquote><p><strong>Je suis un miracul\u00e9&nbsp;!<\/strong><\/p><\/blockquote><\/figure>\n\n\n\n<p>Pratiquement 2 ans apr\u00e8s, je continue d\u2019aller d\u2019op\u00e9ration en op\u00e9ration.<\/p>\n\n\n\n<p>J\u2019ai eu une algoneurodystrophie (<strong>L<\/strong>&lsquo;<strong>algoneurodystrophie<\/strong> ou <strong>algodystrophie<\/strong> est un syndrome douloureux caract\u00e9ris\u00e9 par un ensemble de sympt\u00f4mes, dont les sensations de cuisson, touchant des articulations apr\u00e8s un traumatisme ou une intervention chirurgicale m\u00eame minimes) de la cheville gauche, car \u00e0 gauche 2 fractures au f\u00e9mur et 2 au tibia et p\u00e9ron\u00e9 ce qui fait beaucoup \u00e0 recalcifier. C\u2019est douloureux et surtout cela peut aller jusqu&rsquo;\u00e0 la fracture de la cheville, c\u2019est <strong>LA D\u00c9CALCIFICATION<\/strong> de la cheville. Le traitement a \u00e9t\u00e9 efficace, mais tr\u00e8s douloureux. Son nom est <strong>AREDIA<\/strong> : c\u2019est de la chimioth\u00e9rapie cibl\u00e9e que l\u2019on administre en perfusion, j\u2019en ai eu trois espac\u00e9es d\u2019un mois. Je comprends mieux aujourd\u2019hui pourquoi on les espace&nbsp;!<\/p>\n\n\n\n<p>Cela se fait \u00e0 l\u2019h\u00f4pital&nbsp; en ambulatoire pour la premi\u00e8re et en 4h de perfusion toujours pour la premi\u00e8re. Mais j\u2019ai demand\u00e9 \u00e0 changer le protocole pour les suivantes. En effet une petite perfusion de PERFALGAN et hop AREDIA, d\u00e9j\u00e0 le produit est l\u00e9g\u00e8rement douloureux lors de son passage, surtout vers la fin, puis 3 h apr\u00e8s un mal de t\u00eate apparait et la c\u2019est la que commence les choses s\u00e9rieuses.<\/p>\n\n\n\n<p>Courbature comme pour la grippe, mais puissance dix, fi\u00e8vre, douleur insupportable, mal de dos, sensation de grand froid, maux de t\u00eate insupportables. Et cela dure plus de 48 heures&nbsp;! C\u2019est physiquement tr\u00e8s \u00e9prouvant, j&rsquo;ai mis deux semaines pour m\u2019en remettre, et une de plus pour aller vraiment bien comme si rien ne s\u2019\u00e9tait pass\u00e9. Voila pourquoi une par mois&nbsp;! J\u2019ai fait une v\u00e9nite,( inflammation de la veine tr\u00e8s douloureuse qui par de l\u2019endroit de la perfusion jusqu&rsquo;\u00e0 l\u2019\u00e9paule) qui ne se soigne pas, sauf avec des antalgiques, du temps et du repos. <\/p>\n\n\n\n<p>Quant \u00e0 la deuxi\u00e8me, j\u2019ai demand\u00e9 un am\u00e9nagement de protocole pour r\u00e9duire les effets secondaires, donc dilution du produit et augmentation du temps de passage dans le corps. Le double. Les effets secondaires sont moindres, mais encore violents. La troisi\u00e8me s\u2019est faite durant toute la nuit avec un produit encore plus dilu\u00e9, l\u00e0, cela a \u00e9t\u00e9 supportable.<\/p>\n\n\n\n<p>R\u00e9sultat des trois injections ma d\u00e9calcification s\u2019est stopp\u00e9e.<\/p>\n\n\n\n<p>Par-dessus \u00e7a j\u2019ai fait une Pseudarthrose&nbsp;du tibia gauche !! (Absence de consolidation de deux fragments osseux survenant apr\u00e8s une fracture. On voit alors appara\u00eetre \u00e0 ce niveau des mouvements anormaux dont l\u2019amplitude est plus ou moins importante. Le cal osseux ne se forme pas.), donc des douleurs.<\/p>\n\n\n\n<div class=\"wp-block-media-text alignwide has-media-on-the-right is-stacked-on-mobile has-background has-subtle-background-background-color has-background\" style=\"grid-template-columns:auto 28%\"><figure class=\"wp-block-media-text__media\"><img loading=\"lazy\" decoding=\"async\" width=\"454\" height=\"340\" src=\"https:\/\/www.franck-reboul.com\/blog\/wp-content\/uploads\/2011\/02\/orthofix.jpg\" alt=\"\" class=\"wp-image-113 size-full\" srcset=\"https:\/\/www.franck-reboul.com\/blog\/wp-content\/uploads\/2011\/02\/orthofix.jpg 454w, https:\/\/www.franck-reboul.com\/blog\/wp-content\/uploads\/2011\/02\/orthofix-300x224.jpg 300w\" sizes=\"auto, (max-width: 454px) 100vw, 454px\" \/><\/figure><div class=\"wp-block-media-text__content\">\n<p>Le port d\u2019un appareil de marque Orthofix qui est un \u00ab physio-stim \u00bb (stimulateur de la consolidation osseuse par champs \u00e9lectromagn\u00e9tiques puls\u00e9s) que je dois porter 3 h par jour depuis presque 2 ans, les m\u00e9decins disent que vous pouvez marcher avec. C\u2019est faux !! Je ne peux rien faire durant ces trois heures, car au mollet il glisse et ne reste pas en place, m\u00eame en serrant la sangle tr\u00e8s fortement.<\/p>\n<\/div><\/div>\n\n\n\n<p>Pratiquement 2 ans apr\u00e8s mon os n\u2019est toujours pas consolid\u00e9, \u00e0 la derni\u00e8re radio 50 %&nbsp; de consolidation. Donc port obligatoire d\u2019une orth\u00e8se de <strong>Sarmiento<\/strong>&nbsp;:<\/p>\n\n\n\n<div class=\"wp-block-group alignwide has-secondary-background-color has-background\"><div class=\"wp-block-group__inner-container is-layout-flow wp-block-group-is-layout-flow\">\n<p><strong>Indications<\/strong> : <em>Entorse grave avec arrachement ligamentaire. Fracture mal consolid\u00e9e apr\u00e8s l&rsquo;ablation d&rsquo;un pl\u00e2tre ou du fixateur externe.<\/em><\/p>\n\n\n\n<p><strong>Prescription<\/strong> : <em>Gu\u00eatre en mat\u00e9riau thermoform\u00e9 avec coque talonni\u00e8re.<\/em><\/p>\n\n\n\n<figure class=\"wp-block-gallery columns-2 is-cropped wp-block-gallery-3 is-layout-flex wp-block-gallery-is-layout-flex\"><ul class=\"blocks-gallery-grid\"><li class=\"blocks-gallery-item\"><figure><a href=\"https:\/\/www.franck-reboul.com\/blog\/wp-content\/uploads\/2011\/02\/sarmiento-2-copie.jpg\"><img loading=\"lazy\" decoding=\"async\" width=\"454\" height=\"340\" src=\"https:\/\/www.franck-reboul.com\/blog\/wp-content\/uploads\/2011\/02\/sarmiento-2-copie.jpg\" alt=\"\" data-id=\"115\" data-full-url=\"https:\/\/www.franck-reboul.com\/blog\/wp-content\/uploads\/2011\/02\/sarmiento-2-copie.jpg\" data-link=\"https:\/\/www.franck-reboul.com\/blog\/mon-accident-de-moto-et-ses-suites\/sarmiento-2-copie\/\" class=\"wp-image-115\" srcset=\"https:\/\/www.franck-reboul.com\/blog\/wp-content\/uploads\/2011\/02\/sarmiento-2-copie.jpg 454w, https:\/\/www.franck-reboul.com\/blog\/wp-content\/uploads\/2011\/02\/sarmiento-2-copie-300x224.jpg 300w\" sizes=\"auto, (max-width: 454px) 100vw, 454px\" \/><\/a><\/figure><\/li><li class=\"blocks-gallery-item\"><figure><a href=\"https:\/\/www.franck-reboul.com\/blog\/wp-content\/uploads\/2011\/02\/sarmiento-copie1.jpg\"><img loading=\"lazy\" decoding=\"async\" width=\"454\" height=\"340\" src=\"https:\/\/www.franck-reboul.com\/blog\/wp-content\/uploads\/2011\/02\/sarmiento-copie1.jpg\" alt=\"\" data-id=\"117\" data-full-url=\"https:\/\/www.franck-reboul.com\/blog\/wp-content\/uploads\/2011\/02\/sarmiento-copie1.jpg\" data-link=\"https:\/\/www.franck-reboul.com\/blog\/mon-accident-de-moto-et-ses-suites\/sarmiento-copie-2\/\" class=\"wp-image-117\" srcset=\"https:\/\/www.franck-reboul.com\/blog\/wp-content\/uploads\/2011\/02\/sarmiento-copie1.jpg 454w, https:\/\/www.franck-reboul.com\/blog\/wp-content\/uploads\/2011\/02\/sarmiento-copie1-300x224.jpg 300w\" sizes=\"auto, (max-width: 454px) 100vw, 454px\" \/><\/a><figcaption class=\"blocks-gallery-item__caption\"><em>Orth\u00e8se r\u00e9alis\u00e9e sur mesure.<\/em><\/figcaption><\/figure><\/li><\/ul><\/figure>\n\n\n\n<p>Il faut porter ce denier jouet pendant une dur\u00e9e ind\u00e9termin\u00e9e! C\u2018est la radio qui d\u00e9terminera quand l\u2019enlever&nbsp;!<\/p>\n<\/div><\/div>\n\n\n\n<p>Voila tous ces soucis de sant\u00e9 parce que<span class=\"has-inline-color has-accent-color\"> <strong>\u00ab je n\u2019ai pas voulu laisser passer la voiture qui me faisait appel de phare \u00bb<\/strong><\/span> !!!<\/p>\n\n\n\n<p><strong>Alors si vous \u00eates motard, pensez \u00e0 tous ces inconvenants en mettant les gaz, car apr\u00e8s c\u2019est trop tard&nbsp;!!<\/strong><\/p>\n","protected":false},"excerpt":{"rendered":"<p>&#8230;et ses suites ou comment perdre la vie (que 2 ans de sa vie avec beaucoup de chance) Le 22 juin 2009 \u00e0 7 h 30 sur la route de Carc\u00e8s&#8230; Je suis motard depuis plus de 25 ans donc pas un novice, et avec plusieurs motos \u00e0 mon actif, la derni\u00e8re un 650. Malgr\u00e9&hellip; <a class=\"more-link\" href=\"https:\/\/www.franck-reboul.com\/blog\/mon-accident-de-moto-et-ses-suites\/\">Poursuivre la lecture <span class=\"screen-reader-text\">Mon accident de moto<\/span><\/a><\/p>\n","protected":false},"author":1,"featured_media":0,"parent":0,"menu_order":0,"comment_status":"closed","ping_status":"closed","template":"","meta":{"footnotes":""},"class_list":["post-483","page","type-page","status-publish","hentry","entry"],"_links":{"self":[{"href":"https:\/\/www.franck-reboul.com\/blog\/wp-json\/wp\/v2\/pages\/483","targetHints":{"allow":["GET"]}}],"collection":[{"href":"https:\/\/www.franck-reboul.com\/blog\/wp-json\/wp\/v2\/pages"}],"about":[{"href":"https:\/\/www.franck-reboul.com\/blog\/wp-json\/wp\/v2\/types\/page"}],"author":[{"embeddable":true,"href":"https:\/\/www.franck-reboul.com\/blog\/wp-json\/wp\/v2\/users\/1"}],"replies":[{"embeddable":true,"href":"https:\/\/www.franck-reboul.com\/blog\/wp-json\/wp\/v2\/comments?post=483"}],"version-history":[{"count":5,"href":"https:\/\/www.franck-reboul.com\/blog\/wp-json\/wp\/v2\/pages\/483\/revisions"}],"predecessor-version":[{"id":21771,"href":"https:\/\/www.franck-reboul.com\/blog\/wp-json\/wp\/v2\/pages\/483\/revisions\/21771"}],"wp:attachment":[{"href":"https:\/\/www.franck-reboul.com\/blog\/wp-json\/wp\/v2\/media?parent=483"}],"curies":[{"name":"wp","href":"https:\/\/api.w.org\/{rel}","templated":true}]}}